{"id":11,"date":"2016-08-13T21:34:13","date_gmt":"2016-08-13T19:34:13","guid":{"rendered":"https:\/\/zum-offenberg.de\/?page_id=11"},"modified":"2018-05-16T17:26:35","modified_gmt":"2018-05-16T15:26:35","slug":"startseite","status":"publish","type":"page","link":"https:\/\/www.zum-offenberg.de\/","title":{"rendered":"Startseite"},"content":{"rendered":"<h3>Was ist der Ofenberg und was macht ihn aus?<\/h3>\n<p style=\"padding-left: 30px;\">Der Offenberg ist ein familienbetriebenes Anwesen mit Gastst\u00e4tte, Landwirtschaft,\u00a0 \u00a0 \u00a0 \u00a0 \u00a0 \u00a0 \u00a0 FKK-Campingplatz und allem was dazu geh\u00f6rt. Genie\u00dfen Sie bei uns im Herzen des Schw\u00e4bischen Waldes die Natur zu jeder Jahreszeit.<\/p>\n<p style=\"padding-left: 30px;\">Ob beim Essen, beim Schnaps oder auf dem Campingplatz-wir verkaufen nichts, was wir selbst nicht auch kaufen w\u00fcrden.<\/p>\n<p>&nbsp;<\/p>\n<h3>Wo liegt der Ofenberg:<\/h3>\n<p style=\"padding-left: 30px;\">Im Herzen des Schw\u00e4bischen Waldes auf sonniger H\u00f6he (ca.500 m) bei Oberrot.<br \/>\nFernab vom Verkehr, umgeben von Wald und Wiesen, im Naturerholungsgebiet des Gro\u00dfraums Stuttgart-Heilbronn (ca. 50 km).<\/p>\n<p style=\"padding-left: 30px;\">Genaueres unter &#8220;<a href=\"https:\/\/zum-offenberg.de\/?page_id=60\">Anfahrt<\/a>&#8220;<\/p>\n<p style=\"padding-left: 30px;\">\n","protected":false},"excerpt":{"rendered":"<p>Was ist der Ofenberg und was macht ihn aus? Der Offenberg ist ein familienbetriebenes Anwesen mit Gastst\u00e4tte, Landwirtschaft,\u00a0 \u00a0 \u00a0 \u00a0 \u00a0 \u00a0 \u00a0 FKK-Campingplatz und allem was dazu geh\u00f6rt. Genie\u00dfen Sie bei uns im Herzen des Schw\u00e4bischen Waldes die Natur zu jeder Jahreszeit. Ob beim Essen, beim Schnaps oder auf dem Campingplatz-wir verkaufen nichts, [&hellip;]<\/p>\n","protected":false},"author":1,"featured_media":0,"parent":0,"menu_order":0,"comment_status":"closed","ping_status":"closed","template":"","meta":[],"yoast_head":"<!-- This site is optimized with the Yoast SEO plugin v17.4 - https:\/\/yoast.com\/wordpress\/plugins\/seo\/ -->\n<title>Startseite - Zum-Offenberg<\/title>\n<meta name=\"robots\" content=\"index, follow, max-snippet:-1, max-image-preview:large, max-video-preview:-1\" \/>\n<link rel=\"canonical\" href=\"https:\/\/www.zum-offenberg.de\/\" \/>\n<meta property=\"og:locale\" content=\"de_DE\" \/>\n<meta property=\"og:type\" content=\"article\" \/>\n<meta property=\"og:title\" content=\"Startseite - Zum-Offenberg\" \/>\n<meta property=\"og:description\" content=\"Was ist der Ofenberg und was macht ihn aus? Der Offenberg ist ein familienbetriebenes Anwesen mit Gastst\u00e4tte, Landwirtschaft,\u00a0 \u00a0 \u00a0 \u00a0 \u00a0 \u00a0 \u00a0 FKK-Campingplatz und allem was dazu geh\u00f6rt. Genie\u00dfen Sie bei uns im Herzen des Schw\u00e4bischen Waldes die Natur zu jeder Jahreszeit. Ob beim Essen, beim Schnaps oder auf dem Campingplatz-wir verkaufen nichts, [&hellip;]\" \/>\n<meta property=\"og:url\" content=\"https:\/\/www.zum-offenberg.de\/\" \/>\n<meta property=\"og:site_name\" content=\"Zum-Offenberg\" \/>\n<meta property=\"article:modified_time\" content=\"2018-05-16T15:26:35+00:00\" \/>\n<meta name=\"twitter:card\" content=\"summary\" \/>\n<script type=\"application\/ld+json\" class=\"yoast-schema-graph\">{\"@context\":\"https:\/\/schema.org\",\"@graph\":[{\"@type\":\"WebSite\",\"@id\":\"https:\/\/www.zum-offenberg.de\/#website\",\"url\":\"https:\/\/www.zum-offenberg.de\/\",\"name\":\"Zum-Offenberg\",\"description\":\"\",\"potentialAction\":[{\"@type\":\"SearchAction\",\"target\":{\"@type\":\"EntryPoint\",\"urlTemplate\":\"https:\/\/www.zum-offenberg.de\/?s={search_term_string}\"},\"query-input\":\"required name=search_term_string\"}],\"inLanguage\":\"de\"},{\"@type\":\"WebPage\",\"@id\":\"https:\/\/www.zum-offenberg.de\/#webpage\",\"url\":\"https:\/\/www.zum-offenberg.de\/\",\"name\":\"Startseite - Zum-Offenberg\",\"isPartOf\":{\"@id\":\"https:\/\/www.zum-offenberg.de\/#website\"},\"datePublished\":\"2016-08-13T19:34:13+00:00\",\"dateModified\":\"2018-05-16T15:26:35+00:00\",\"breadcrumb\":{\"@id\":\"https:\/\/www.zum-offenberg.de\/#breadcrumb\"},\"inLanguage\":\"de\",\"potentialAction\":[{\"@type\":\"ReadAction\",\"target\":[\"https:\/\/www.zum-offenberg.de\/\"]}]},{\"@type\":\"BreadcrumbList\",\"@id\":\"https:\/\/www.zum-offenberg.de\/#breadcrumb\",\"itemListElement\":[{\"@type\":\"ListItem\",\"position\":1,\"name\":\"Startseite\",\"item\":\"https:\/\/www.zum-offenberg.de\/\"},{\"@type\":\"ListItem\",\"position\":2,\"name\":\"Startseite\"}]}]}<\/script>\n<!-- \/ Yoast SEO plugin. -->","yoast_head_json":{"title":"Startseite - Zum-Offenberg","robots":{"index":"index","follow":"follow","max-snippet":"max-snippet:-1","max-image-preview":"max-image-preview:large","max-video-preview":"max-video-preview:-1"},"canonical":"https:\/\/www.zum-offenberg.de\/","og_locale":"de_DE","og_type":"article","og_title":"Startseite - Zum-Offenberg","og_description":"Was ist der Ofenberg und was macht ihn aus? Der Offenberg ist ein familienbetriebenes Anwesen mit Gastst\u00e4tte, Landwirtschaft,\u00a0 \u00a0 \u00a0 \u00a0 \u00a0 \u00a0 \u00a0 FKK-Campingplatz und allem was dazu geh\u00f6rt. Genie\u00dfen Sie bei uns im Herzen des Schw\u00e4bischen Waldes die Natur zu jeder Jahreszeit. Ob beim Essen, beim Schnaps oder auf dem Campingplatz-wir verkaufen nichts, [&hellip;]","og_url":"https:\/\/www.zum-offenberg.de\/","og_site_name":"Zum-Offenberg","article_modified_time":"2018-05-16T15:26:35+00:00","twitter_card":"summary","schema":{"@context":"https:\/\/schema.org","@graph":[{"@type":"WebSite","@id":"https:\/\/www.zum-offenberg.de\/#website","url":"https:\/\/www.zum-offenberg.de\/","name":"Zum-Offenberg","description":"","potentialAction":[{"@type":"SearchAction","target":{"@type":"EntryPoint","urlTemplate":"https:\/\/www.zum-offenberg.de\/?s={search_term_string}"},"query-input":"required name=search_term_string"}],"inLanguage":"de"},{"@type":"WebPage","@id":"https:\/\/www.zum-offenberg.de\/#webpage","url":"https:\/\/www.zum-offenberg.de\/","name":"Startseite - Zum-Offenberg","isPartOf":{"@id":"https:\/\/www.zum-offenberg.de\/#website"},"datePublished":"2016-08-13T19:34:13+00:00","dateModified":"2018-05-16T15:26:35+00:00","breadcrumb":{"@id":"https:\/\/www.zum-offenberg.de\/#breadcrumb"},"inLanguage":"de","potentialAction":[{"@type":"ReadAction","target":["https:\/\/www.zum-offenberg.de\/"]}]},{"@type":"BreadcrumbList","@id":"https:\/\/www.zum-offenberg.de\/#breadcrumb","itemListElement":[{"@type":"ListItem","position":1,"name":"Startseite","item":"https:\/\/www.zum-offenberg.de\/"},{"@type":"ListItem","position":2,"name":"Startseite"}]}]}},"_links":{"self":[{"href":"https:\/\/www.zum-offenberg.de\/index.php?rest_route=\/wp\/v2\/pages\/11"}],"collection":[{"href":"https:\/\/www.zum-offenberg.de\/index.php?rest_route=\/wp\/v2\/pages"}],"about":[{"href":"https:\/\/www.zum-offenberg.de\/index.php?rest_route=\/wp\/v2\/types\/page"}],"author":[{"embeddable":true,"href":"https:\/\/www.zum-offenberg.de\/index.php?rest_route=\/wp\/v2\/users\/1"}],"replies":[{"embeddable":true,"href":"https:\/\/www.zum-offenberg.de\/index.php?rest_route=%2Fwp%2Fv2%2Fcomments&post=11"}],"version-history":[{"count":6,"href":"https:\/\/www.zum-offenberg.de\/index.php?rest_route=\/wp\/v2\/pages\/11\/revisions"}],"predecessor-version":[{"id":376,"href":"https:\/\/www.zum-offenberg.de\/index.php?rest_route=\/wp\/v2\/pages\/11\/revisions\/376"}],"wp:attachment":[{"href":"https:\/\/www.zum-offenberg.de\/index.php?rest_route=%2Fwp%2Fv2%2Fmedia&parent=11"}],"curies":[{"name":"wp","href":"https:\/\/api.w.org\/{rel}","templated":true}]}}