{"id":24,"date":"2016-08-13T22:28:42","date_gmt":"2016-08-13T20:28:42","guid":{"rendered":"https:\/\/zum-offenberg.de\/?page_id=24"},"modified":"2021-10-27T08:49:21","modified_gmt":"2021-10-27T06:49:21","slug":"gaststaette","status":"publish","type":"page","link":"https:\/\/www.zum-offenberg.de\/?page_id=24","title":{"rendered":"Gastst\u00e4tte"},"content":{"rendered":"<p><img loading=\"lazy\" class=\"size-large aligncenter wp-image-55\" src=\"https:\/\/zum-offenberg.de\/wp-content\/uploads\/2016\/08\/cropped-WhatsApp-Image-2016-08-12-at-22.07.46-2-300x169.jpeg\" alt=\"cropped-WhatsApp-Image-2016-08-12-at-22.07.46-2.jpeg\" width=\"1024\" height=\"577\" srcset=\"https:\/\/www.zum-offenberg.de\/wp-content\/uploads\/2016\/08\/cropped-WhatsApp-Image-2016-08-12-at-22.07.46-2-300x169.jpeg 300w, https:\/\/www.zum-offenberg.de\/wp-content\/uploads\/2016\/08\/cropped-WhatsApp-Image-2016-08-12-at-22.07.46-2-768x432.jpeg 768w, https:\/\/www.zum-offenberg.de\/wp-content\/uploads\/2016\/08\/cropped-WhatsApp-Image-2016-08-12-at-22.07.46-2-1024x576.jpeg 1024w, https:\/\/www.zum-offenberg.de\/wp-content\/uploads\/2016\/08\/cropped-WhatsApp-Image-2016-08-12-at-22.07.46-2-830x467.jpeg 830w, https:\/\/www.zum-offenberg.de\/wp-content\/uploads\/2016\/08\/cropped-WhatsApp-Image-2016-08-12-at-22.07.46-2-230x129.jpeg 230w, https:\/\/www.zum-offenberg.de\/wp-content\/uploads\/2016\/08\/cropped-WhatsApp-Image-2016-08-12-at-22.07.46-2-350x197.jpeg 350w, https:\/\/www.zum-offenberg.de\/wp-content\/uploads\/2016\/08\/cropped-WhatsApp-Image-2016-08-12-at-22.07.46-2-480x270.jpeg 480w, https:\/\/www.zum-offenberg.de\/wp-content\/uploads\/2016\/08\/cropped-WhatsApp-Image-2016-08-12-at-22.07.46-2.jpeg 1920w\" sizes=\"(max-width: 1024px) 100vw, 1024px\" \/><\/p>\n<p>Wir bieten gutb\u00fcrgerliche K\u00fcche und einen gem\u00fctlichen Aufenthalt f\u00fcr jeden Gast.<\/p>\n<p>M\u00f6glichkeit f\u00fcr Familienfeiern und gem\u00fctliches Beisammensein f\u00fcr Ausfl\u00fcgler.<\/p>\n<p><u>Was unsere K\u00fcche ausmacht<\/u>:<\/p>\n<ul>\n<li>Unsere Wildspezialit\u00e4ten sind aus heimischer Jagd. Deshalb bitten wir auch um Verst\u00e4ndnis das diese nur begrenzt zur Verf\u00fcgung stehen<\/li>\n<li>Wir legen Wert auf Selbstgemachtes! Darum schmeckt es bei uns auch nie exakt gleich.<\/li>\n<li>Unsere Gerichte orientieren sich saisional und regional. Unsere Speisekarte \u00e4ndert sich nach verf\u00fcgbaren Produkten<\/li>\n<\/ul>\n<p>Besonders erw\u00fcnscht sind bei uns Familien mit Kindern. F\u00fcr die Kinder gibt es Spielm\u00f6glichkeiten wie Schaukel, Karussell und Seilbahn.<\/p>\n<p><img loading=\"lazy\" class=\"wp-image-495 alignnone size-full\" src=\"https:\/\/www.zum-offenberg.de\/wp-content\/uploads\/2020\/05\/wp-15903139922555714560144341969965.jpg\" width=\"1115\" height=\"1049\" srcset=\"https:\/\/www.zum-offenberg.de\/wp-content\/uploads\/2020\/05\/wp-15903139922555714560144341969965.jpg 1115w, https:\/\/www.zum-offenberg.de\/wp-content\/uploads\/2020\/05\/wp-15903139922555714560144341969965-300x282.jpg 300w, https:\/\/www.zum-offenberg.de\/wp-content\/uploads\/2020\/05\/wp-15903139922555714560144341969965-768x723.jpg 768w, https:\/\/www.zum-offenberg.de\/wp-content\/uploads\/2020\/05\/wp-15903139922555714560144341969965-1024x963.jpg 1024w\" sizes=\"(max-width: 1115px) 100vw, 1115px\" \/><\/p>\n<p><img loading=\"lazy\" class=\"wp-image-107 alignnone size-full\" src=\"https:\/\/www.zum-offenberg.de\/wp-content\/uploads\/2016\/08\/20160903_164222_RichtoneHDR-e1475910593734.jpg\" width=\"888\" height=\"500\" data-temp-aztec-id=\"57357a9c-fd4f-4fa6-8707-900fb48ec709\"><\/p>\n<p>Gastst\u00e4tte: 40 Sitzpl\u00e4tze<br \/>\nNebenraum: 20 Sitzpl\u00e4tze<br \/>\nBiergarten: 40 Sitzpl\u00e4tze<\/p>\n<h4>Kostenlose E-Bike Ladem\u00f6glichkeit f\u00fcr unsere G\u00e4ste.<\/h4>\n","protected":false},"excerpt":{"rendered":"<p>Wir bieten gutb\u00fcrgerliche K\u00fcche und einen gem\u00fctlichen Aufenthalt f\u00fcr jeden Gast. M\u00f6glichkeit f\u00fcr Familienfeiern und gem\u00fctliches Beisammensein f\u00fcr Ausfl\u00fcgler. Was unsere K\u00fcche ausmacht: Unsere Wildspezialit\u00e4ten sind aus heimischer Jagd. Deshalb bitten wir auch um Verst\u00e4ndnis das diese nur begrenzt zur Verf\u00fcgung stehen Wir legen Wert auf Selbstgemachtes! Darum schmeckt es bei uns auch nie exakt [&hellip;]<\/p>\n","protected":false},"author":1,"featured_media":105,"parent":0,"menu_order":2,"comment_status":"closed","ping_status":"closed","template":"","meta":[],"yoast_head":"<!-- This site is optimized with the Yoast SEO plugin v17.4 - https:\/\/yoast.com\/wordpress\/plugins\/seo\/ -->\n<title>Gastst\u00e4tte - Zum-Offenberg<\/title>\n<meta name=\"robots\" content=\"index, follow, max-snippet:-1, max-image-preview:large, max-video-preview:-1\" \/>\n<link rel=\"canonical\" href=\"https:\/\/www.zum-offenberg.de\/?page_id=24\" \/>\n<meta property=\"og:locale\" content=\"de_DE\" \/>\n<meta property=\"og:type\" content=\"article\" \/>\n<meta property=\"og:title\" content=\"Gastst\u00e4tte - Zum-Offenberg\" \/>\n<meta property=\"og:description\" content=\"Wir bieten gutb\u00fcrgerliche K\u00fcche und einen gem\u00fctlichen Aufenthalt f\u00fcr jeden Gast. M\u00f6glichkeit f\u00fcr Familienfeiern und gem\u00fctliches Beisammensein f\u00fcr Ausfl\u00fcgler. Was unsere K\u00fcche ausmacht: Unsere Wildspezialit\u00e4ten sind aus heimischer Jagd. Deshalb bitten wir auch um Verst\u00e4ndnis das diese nur begrenzt zur Verf\u00fcgung stehen Wir legen Wert auf Selbstgemachtes! Darum schmeckt es bei uns auch nie exakt [&hellip;]\" \/>\n<meta property=\"og:url\" content=\"https:\/\/www.zum-offenberg.de\/?page_id=24\" \/>\n<meta property=\"og:site_name\" content=\"Zum-Offenberg\" \/>\n<meta property=\"article:modified_time\" content=\"2021-10-27T06:49:21+00:00\" \/>\n<meta property=\"og:image\" content=\"https:\/\/www.zum-offenberg.de\/wp-content\/uploads\/2016\/08\/20160903_164135.jpg\" \/>\n\t<meta property=\"og:image:width\" content=\"3264\" \/>\n\t<meta property=\"og:image:height\" content=\"1836\" \/>\n<meta name=\"twitter:card\" content=\"summary\" \/>\n<meta name=\"twitter:label1\" content=\"Gesch\u00e4tzte Lesezeit\" \/>\n\t<meta name=\"twitter:data1\" content=\"2\u00a0Minuten\" \/>\n<script type=\"application\/ld+json\" class=\"yoast-schema-graph\">{\"@context\":\"https:\/\/schema.org\",\"@graph\":[{\"@type\":\"WebSite\",\"@id\":\"https:\/\/www.zum-offenberg.de\/#website\",\"url\":\"https:\/\/www.zum-offenberg.de\/\",\"name\":\"Zum-Offenberg\",\"description\":\"\",\"potentialAction\":[{\"@type\":\"SearchAction\",\"target\":{\"@type\":\"EntryPoint\",\"urlTemplate\":\"https:\/\/www.zum-offenberg.de\/?s={search_term_string}\"},\"query-input\":\"required name=search_term_string\"}],\"inLanguage\":\"de\"},{\"@type\":\"ImageObject\",\"@id\":\"https:\/\/www.zum-offenberg.de\/?page_id=24#primaryimage\",\"inLanguage\":\"de\",\"url\":\"https:\/\/www.zum-offenberg.de\/wp-content\/uploads\/2016\/08\/20160903_164135.jpg\",\"contentUrl\":\"https:\/\/www.zum-offenberg.de\/wp-content\/uploads\/2016\/08\/20160903_164135.jpg\",\"width\":3264,\"height\":1836},{\"@type\":\"WebPage\",\"@id\":\"https:\/\/www.zum-offenberg.de\/?page_id=24#webpage\",\"url\":\"https:\/\/www.zum-offenberg.de\/?page_id=24\",\"name\":\"Gastst\\u00e4tte - Zum-Offenberg\",\"isPartOf\":{\"@id\":\"https:\/\/www.zum-offenberg.de\/#website\"},\"primaryImageOfPage\":{\"@id\":\"https:\/\/www.zum-offenberg.de\/?page_id=24#primaryimage\"},\"datePublished\":\"2016-08-13T20:28:42+00:00\",\"dateModified\":\"2021-10-27T06:49:21+00:00\",\"breadcrumb\":{\"@id\":\"https:\/\/www.zum-offenberg.de\/?page_id=24#breadcrumb\"},\"inLanguage\":\"de\",\"potentialAction\":[{\"@type\":\"ReadAction\",\"target\":[\"https:\/\/www.zum-offenberg.de\/?page_id=24\"]}]},{\"@type\":\"BreadcrumbList\",\"@id\":\"https:\/\/www.zum-offenberg.de\/?page_id=24#breadcrumb\",\"itemListElement\":[{\"@type\":\"ListItem\",\"position\":1,\"name\":\"Startseite\",\"item\":\"https:\/\/www.zum-offenberg.de\/\"},{\"@type\":\"ListItem\",\"position\":2,\"name\":\"Gastst\\u00e4tte\"}]}]}<\/script>\n<!-- \/ Yoast SEO plugin. -->","yoast_head_json":{"title":"Gastst\u00e4tte - Zum-Offenberg","robots":{"index":"index","follow":"follow","max-snippet":"max-snippet:-1","max-image-preview":"max-image-preview:large","max-video-preview":"max-video-preview:-1"},"canonical":"https:\/\/www.zum-offenberg.de\/?page_id=24","og_locale":"de_DE","og_type":"article","og_title":"Gastst\u00e4tte - Zum-Offenberg","og_description":"Wir bieten gutb\u00fcrgerliche K\u00fcche und einen gem\u00fctlichen Aufenthalt f\u00fcr jeden Gast. M\u00f6glichkeit f\u00fcr Familienfeiern und gem\u00fctliches Beisammensein f\u00fcr Ausfl\u00fcgler. Was unsere K\u00fcche ausmacht: Unsere Wildspezialit\u00e4ten sind aus heimischer Jagd. Deshalb bitten wir auch um Verst\u00e4ndnis das diese nur begrenzt zur Verf\u00fcgung stehen Wir legen Wert auf Selbstgemachtes! Darum schmeckt es bei uns auch nie exakt [&hellip;]","og_url":"https:\/\/www.zum-offenberg.de\/?page_id=24","og_site_name":"Zum-Offenberg","article_modified_time":"2021-10-27T06:49:21+00:00","og_image":[{"width":3264,"height":1836,"url":"https:\/\/www.zum-offenberg.de\/wp-content\/uploads\/2016\/08\/20160903_164135.jpg","type":"image\/jpeg"}],"twitter_card":"summary","twitter_misc":{"Gesch\u00e4tzte Lesezeit":"2\u00a0Minuten"},"schema":{"@context":"https:\/\/schema.org","@graph":[{"@type":"WebSite","@id":"https:\/\/www.zum-offenberg.de\/#website","url":"https:\/\/www.zum-offenberg.de\/","name":"Zum-Offenberg","description":"","potentialAction":[{"@type":"SearchAction","target":{"@type":"EntryPoint","urlTemplate":"https:\/\/www.zum-offenberg.de\/?s={search_term_string}"},"query-input":"required name=search_term_string"}],"inLanguage":"de"},{"@type":"ImageObject","@id":"https:\/\/www.zum-offenberg.de\/?page_id=24#primaryimage","inLanguage":"de","url":"https:\/\/www.zum-offenberg.de\/wp-content\/uploads\/2016\/08\/20160903_164135.jpg","contentUrl":"https:\/\/www.zum-offenberg.de\/wp-content\/uploads\/2016\/08\/20160903_164135.jpg","width":3264,"height":1836},{"@type":"WebPage","@id":"https:\/\/www.zum-offenberg.de\/?page_id=24#webpage","url":"https:\/\/www.zum-offenberg.de\/?page_id=24","name":"Gastst\u00e4tte - Zum-Offenberg","isPartOf":{"@id":"https:\/\/www.zum-offenberg.de\/#website"},"primaryImageOfPage":{"@id":"https:\/\/www.zum-offenberg.de\/?page_id=24#primaryimage"},"datePublished":"2016-08-13T20:28:42+00:00","dateModified":"2021-10-27T06:49:21+00:00","breadcrumb":{"@id":"https:\/\/www.zum-offenberg.de\/?page_id=24#breadcrumb"},"inLanguage":"de","potentialAction":[{"@type":"ReadAction","target":["https:\/\/www.zum-offenberg.de\/?page_id=24"]}]},{"@type":"BreadcrumbList","@id":"https:\/\/www.zum-offenberg.de\/?page_id=24#breadcrumb","itemListElement":[{"@type":"ListItem","position":1,"name":"Startseite","item":"https:\/\/www.zum-offenberg.de\/"},{"@type":"ListItem","position":2,"name":"Gastst\u00e4tte"}]}]}},"_links":{"self":[{"href":"https:\/\/www.zum-offenberg.de\/index.php?rest_route=\/wp\/v2\/pages\/24"}],"collection":[{"href":"https:\/\/www.zum-offenberg.de\/index.php?rest_route=\/wp\/v2\/pages"}],"about":[{"href":"https:\/\/www.zum-offenberg.de\/index.php?rest_route=\/wp\/v2\/types\/page"}],"author":[{"embeddable":true,"href":"https:\/\/www.zum-offenberg.de\/index.php?rest_route=\/wp\/v2\/users\/1"}],"replies":[{"embeddable":true,"href":"https:\/\/www.zum-offenberg.de\/index.php?rest_route=%2Fwp%2Fv2%2Fcomments&post=24"}],"version-history":[{"count":18,"href":"https:\/\/www.zum-offenberg.de\/index.php?rest_route=\/wp\/v2\/pages\/24\/revisions"}],"predecessor-version":[{"id":513,"href":"https:\/\/www.zum-offenberg.de\/index.php?rest_route=\/wp\/v2\/pages\/24\/revisions\/513"}],"wp:featuredmedia":[{"embeddable":true,"href":"https:\/\/www.zum-offenberg.de\/index.php?rest_route=\/wp\/v2\/media\/105"}],"wp:attachment":[{"href":"https:\/\/www.zum-offenberg.de\/index.php?rest_route=%2Fwp%2Fv2%2Fmedia&parent=24"}],"curies":[{"name":"wp","href":"https:\/\/api.w.org\/{rel}","templated":true}]}}