{"id":28,"date":"2016-08-13T22:31:17","date_gmt":"2016-08-13T20:31:17","guid":{"rendered":"https:\/\/zum-offenberg.de\/?page_id=28"},"modified":"2026-02-19T10:22:06","modified_gmt":"2026-02-19T09:22:06","slug":"oeffnungszeiten","status":"publish","type":"page","link":"https:\/\/www.zum-offenberg.de\/?page_id=28","title":{"rendered":"\u00d6ffnungszeiten"},"content":{"rendered":"<p>Wir haben <strong>keine festen \u00d6ffnungszeiten<\/strong>.<br data-start=\"492\" data-end=\"495\" \/>Besuche sind nach vorheriger telefonischer oder per E-Mail-Anfrage m\u00f6glich.<\/p>\n","protected":false},"excerpt":{"rendered":"<p>Wir haben keine festen \u00d6ffnungszeiten.Besuche sind nach vorheriger telefonischer oder per E-Mail-Anfrage m\u00f6glich.<\/p>\n","protected":false},"author":1,"featured_media":0,"parent":24,"menu_order":1,"comment_status":"closed","ping_status":"closed","template":"","meta":[],"yoast_head":"<!-- This site is optimized with the Yoast SEO plugin v17.4 - https:\/\/yoast.com\/wordpress\/plugins\/seo\/ -->\n<title>\u00d6ffnungszeiten - Zum-Offenberg<\/title>\n<meta name=\"robots\" content=\"index, follow, max-snippet:-1, max-image-preview:large, max-video-preview:-1\" \/>\n<link rel=\"canonical\" href=\"https:\/\/www.zum-offenberg.de\/?page_id=28\" \/>\n<meta property=\"og:locale\" content=\"de_DE\" \/>\n<meta property=\"og:type\" content=\"article\" \/>\n<meta property=\"og:title\" content=\"\u00d6ffnungszeiten - Zum-Offenberg\" \/>\n<meta property=\"og:description\" content=\"Wir haben keine festen \u00d6ffnungszeiten.Besuche sind nach vorheriger telefonischer oder per E-Mail-Anfrage m\u00f6glich.\" \/>\n<meta property=\"og:url\" content=\"https:\/\/www.zum-offenberg.de\/?page_id=28\" \/>\n<meta property=\"og:site_name\" content=\"Zum-Offenberg\" \/>\n<meta property=\"article:modified_time\" content=\"2026-02-19T09:22:06+00:00\" \/>\n<meta name=\"twitter:card\" content=\"summary\" \/>\n<meta name=\"twitter:label1\" content=\"Gesch\u00e4tzte Lesezeit\" \/>\n\t<meta name=\"twitter:data1\" content=\"1\u00a0Minute\" \/>\n<script type=\"application\/ld+json\" class=\"yoast-schema-graph\">{\"@context\":\"https:\/\/schema.org\",\"@graph\":[{\"@type\":\"WebSite\",\"@id\":\"https:\/\/www.zum-offenberg.de\/#website\",\"url\":\"https:\/\/www.zum-offenberg.de\/\",\"name\":\"Zum-Offenberg\",\"description\":\"\",\"potentialAction\":[{\"@type\":\"SearchAction\",\"target\":{\"@type\":\"EntryPoint\",\"urlTemplate\":\"https:\/\/www.zum-offenberg.de\/?s={search_term_string}\"},\"query-input\":\"required name=search_term_string\"}],\"inLanguage\":\"de\"},{\"@type\":\"WebPage\",\"@id\":\"https:\/\/www.zum-offenberg.de\/?page_id=28#webpage\",\"url\":\"https:\/\/www.zum-offenberg.de\/?page_id=28\",\"name\":\"\\u00d6ffnungszeiten - Zum-Offenberg\",\"isPartOf\":{\"@id\":\"https:\/\/www.zum-offenberg.de\/#website\"},\"datePublished\":\"2016-08-13T20:31:17+00:00\",\"dateModified\":\"2026-02-19T09:22:06+00:00\",\"breadcrumb\":{\"@id\":\"https:\/\/www.zum-offenberg.de\/?page_id=28#breadcrumb\"},\"inLanguage\":\"de\",\"potentialAction\":[{\"@type\":\"ReadAction\",\"target\":[\"https:\/\/www.zum-offenberg.de\/?page_id=28\"]}]},{\"@type\":\"BreadcrumbList\",\"@id\":\"https:\/\/www.zum-offenberg.de\/?page_id=28#breadcrumb\",\"itemListElement\":[{\"@type\":\"ListItem\",\"position\":1,\"name\":\"Startseite\",\"item\":\"https:\/\/www.zum-offenberg.de\/\"},{\"@type\":\"ListItem\",\"position\":2,\"name\":\"Gastst\\u00e4tte\",\"item\":\"https:\/\/www.zum-offenberg.de\/?page_id=24\"},{\"@type\":\"ListItem\",\"position\":3,\"name\":\"\\u00d6ffnungszeiten\"}]}]}<\/script>\n<!-- \/ Yoast SEO plugin. -->","yoast_head_json":{"title":"\u00d6ffnungszeiten - Zum-Offenberg","robots":{"index":"index","follow":"follow","max-snippet":"max-snippet:-1","max-image-preview":"max-image-preview:large","max-video-preview":"max-video-preview:-1"},"canonical":"https:\/\/www.zum-offenberg.de\/?page_id=28","og_locale":"de_DE","og_type":"article","og_title":"\u00d6ffnungszeiten - Zum-Offenberg","og_description":"Wir haben keine festen \u00d6ffnungszeiten.Besuche sind nach vorheriger telefonischer oder per E-Mail-Anfrage m\u00f6glich.","og_url":"https:\/\/www.zum-offenberg.de\/?page_id=28","og_site_name":"Zum-Offenberg","article_modified_time":"2026-02-19T09:22:06+00:00","twitter_card":"summary","twitter_misc":{"Gesch\u00e4tzte Lesezeit":"1\u00a0Minute"},"schema":{"@context":"https:\/\/schema.org","@graph":[{"@type":"WebSite","@id":"https:\/\/www.zum-offenberg.de\/#website","url":"https:\/\/www.zum-offenberg.de\/","name":"Zum-Offenberg","description":"","potentialAction":[{"@type":"SearchAction","target":{"@type":"EntryPoint","urlTemplate":"https:\/\/www.zum-offenberg.de\/?s={search_term_string}"},"query-input":"required name=search_term_string"}],"inLanguage":"de"},{"@type":"WebPage","@id":"https:\/\/www.zum-offenberg.de\/?page_id=28#webpage","url":"https:\/\/www.zum-offenberg.de\/?page_id=28","name":"\u00d6ffnungszeiten - Zum-Offenberg","isPartOf":{"@id":"https:\/\/www.zum-offenberg.de\/#website"},"datePublished":"2016-08-13T20:31:17+00:00","dateModified":"2026-02-19T09:22:06+00:00","breadcrumb":{"@id":"https:\/\/www.zum-offenberg.de\/?page_id=28#breadcrumb"},"inLanguage":"de","potentialAction":[{"@type":"ReadAction","target":["https:\/\/www.zum-offenberg.de\/?page_id=28"]}]},{"@type":"BreadcrumbList","@id":"https:\/\/www.zum-offenberg.de\/?page_id=28#breadcrumb","itemListElement":[{"@type":"ListItem","position":1,"name":"Startseite","item":"https:\/\/www.zum-offenberg.de\/"},{"@type":"ListItem","position":2,"name":"Gastst\u00e4tte","item":"https:\/\/www.zum-offenberg.de\/?page_id=24"},{"@type":"ListItem","position":3,"name":"\u00d6ffnungszeiten"}]}]}},"_links":{"self":[{"href":"https:\/\/www.zum-offenberg.de\/index.php?rest_route=\/wp\/v2\/pages\/28"}],"collection":[{"href":"https:\/\/www.zum-offenberg.de\/index.php?rest_route=\/wp\/v2\/pages"}],"about":[{"href":"https:\/\/www.zum-offenberg.de\/index.php?rest_route=\/wp\/v2\/types\/page"}],"author":[{"embeddable":true,"href":"https:\/\/www.zum-offenberg.de\/index.php?rest_route=\/wp\/v2\/users\/1"}],"replies":[{"embeddable":true,"href":"https:\/\/www.zum-offenberg.de\/index.php?rest_route=%2Fwp%2Fv2%2Fcomments&post=28"}],"version-history":[{"count":10,"href":"https:\/\/www.zum-offenberg.de\/index.php?rest_route=\/wp\/v2\/pages\/28\/revisions"}],"predecessor-version":[{"id":553,"href":"https:\/\/www.zum-offenberg.de\/index.php?rest_route=\/wp\/v2\/pages\/28\/revisions\/553"}],"up":[{"embeddable":true,"href":"https:\/\/www.zum-offenberg.de\/index.php?rest_route=\/wp\/v2\/pages\/24"}],"wp:attachment":[{"href":"https:\/\/www.zum-offenberg.de\/index.php?rest_route=%2Fwp%2Fv2%2Fmedia&parent=28"}],"curies":[{"name":"wp","href":"https:\/\/api.w.org\/{rel}","templated":true}]}}