{"id":35,"date":"2016-08-13T22:34:28","date_gmt":"2016-08-13T20:34:28","guid":{"rendered":"https:\/\/zum-offenberg.de\/?page_id=35"},"modified":"2021-10-27T08:49:46","modified_gmt":"2021-10-27T06:49:46","slug":"landwirtschaft","status":"publish","type":"page","link":"https:\/\/www.zum-offenberg.de\/?page_id=35","title":{"rendered":"Landwirtschaft"},"content":{"rendered":"<div id=\"attachment_146\" style=\"width: 310px\" class=\"wp-caption alignright\"><img aria-describedby=\"caption-attachment-146\" loading=\"lazy\" class=\"wp-image-146 size-medium\" src=\"https:\/\/zum-offenberg.de\/wp-content\/uploads\/2016\/08\/DSC_0815-300x169.jpg\" alt=\"dsc_0815\" width=\"300\" height=\"169\" srcset=\"https:\/\/www.zum-offenberg.de\/wp-content\/uploads\/2016\/08\/DSC_0815-300x169.jpg 300w, https:\/\/www.zum-offenberg.de\/wp-content\/uploads\/2016\/08\/DSC_0815-768x432.jpg 768w, https:\/\/www.zum-offenberg.de\/wp-content\/uploads\/2016\/08\/DSC_0815-1024x576.jpg 1024w\" sizes=\"(max-width: 300px) 100vw, 300px\" \/><p id=\"caption-attachment-146\" class=\"wp-caption-text\">Kuh Wendy mit Kalb Schoko<\/p><\/div>\n<p>Die Landwirtschaft wird seit Generationen betrieben und fortgef\u00fchrt.<br \/>\nUnser landwirtschaftlicher Betrieb beinhaltet eine extensive Landbewirtschaftung mit einem ausgewogenen Verh\u00e4ltnis von Futter und Tierhaltung.<\/p>\n<p>Unsere Landwirtschaft wird durch die Mutterkuhhaltung gepr\u00e4gt.<br \/>\nEine Mutterkuh ist ein weibliches Rind das nicht zur Produktion von Milch gehalten wird und somit auch nicht gemolken wird sondern nur ihr eigenes Kalb aufzieht.<br \/>\nDie Mutterkuhhaltung wird im Sommer durch Weidehaltung betrieben.<\/p>\n<p><img loading=\"lazy\" class=\"wp-image-497 alignnone size-full\" src=\"https:\/\/www.zum-offenberg.de\/wp-content\/uploads\/2020\/05\/img_20200517_1336326336641318330922032.jpg\" width=\"3000\" height=\"2250\" srcset=\"https:\/\/www.zum-offenberg.de\/wp-content\/uploads\/2020\/05\/img_20200517_1336326336641318330922032.jpg 3000w, https:\/\/www.zum-offenberg.de\/wp-content\/uploads\/2020\/05\/img_20200517_1336326336641318330922032-300x225.jpg 300w, https:\/\/www.zum-offenberg.de\/wp-content\/uploads\/2020\/05\/img_20200517_1336326336641318330922032-768x576.jpg 768w, https:\/\/www.zum-offenberg.de\/wp-content\/uploads\/2020\/05\/img_20200517_1336326336641318330922032-1024x768.jpg 1024w\" sizes=\"(max-width: 3000px) 100vw, 3000px\" \/><\/p>\n<p>Bei uns erh\u00e4lt jedes Tier neben der Ohrmarke auch einen Namen. Dabei hat es sich bewiesen den Anfangsbuchstaben der Mutterkuh  f\u00fcr das K\u00e4lbchen zu \u00fcbernehmen. Aber auch ein herausstechendes Aussehen (so war es bei Kalb Schoko) oder besondere Ereignisse flie\u00dfen in unsere Namensgebung ein.<\/p>\n","protected":false},"excerpt":{"rendered":"<p>Die Landwirtschaft wird seit Generationen betrieben und fortgef\u00fchrt. Unser landwirtschaftlicher Betrieb beinhaltet eine extensive Landbewirtschaftung mit einem ausgewogenen Verh\u00e4ltnis von Futter und Tierhaltung. Unsere Landwirtschaft wird durch die Mutterkuhhaltung gepr\u00e4gt. Eine Mutterkuh ist ein weibliches Rind das nicht zur Produktion von Milch gehalten wird und somit auch nicht gemolken wird sondern nur ihr eigenes Kalb [&hellip;]<\/p>\n","protected":false},"author":1,"featured_media":146,"parent":0,"menu_order":3,"comment_status":"closed","ping_status":"closed","template":"","meta":[],"yoast_head":"<!-- This site is optimized with the Yoast SEO plugin v17.4 - https:\/\/yoast.com\/wordpress\/plugins\/seo\/ -->\n<title>Landwirtschaft - Zum-Offenberg<\/title>\n<meta name=\"robots\" content=\"index, follow, max-snippet:-1, max-image-preview:large, max-video-preview:-1\" \/>\n<link rel=\"canonical\" href=\"https:\/\/www.zum-offenberg.de\/?page_id=35\" \/>\n<meta property=\"og:locale\" content=\"de_DE\" \/>\n<meta property=\"og:type\" content=\"article\" \/>\n<meta property=\"og:title\" content=\"Landwirtschaft - Zum-Offenberg\" \/>\n<meta property=\"og:description\" content=\"Die Landwirtschaft wird seit Generationen betrieben und fortgef\u00fchrt. Unser landwirtschaftlicher Betrieb beinhaltet eine extensive Landbewirtschaftung mit einem ausgewogenen Verh\u00e4ltnis von Futter und Tierhaltung. Unsere Landwirtschaft wird durch die Mutterkuhhaltung gepr\u00e4gt. Eine Mutterkuh ist ein weibliches Rind das nicht zur Produktion von Milch gehalten wird und somit auch nicht gemolken wird sondern nur ihr eigenes Kalb [&hellip;]\" \/>\n<meta property=\"og:url\" content=\"https:\/\/www.zum-offenberg.de\/?page_id=35\" \/>\n<meta property=\"og:site_name\" content=\"Zum-Offenberg\" \/>\n<meta property=\"article:modified_time\" content=\"2021-10-27T06:49:46+00:00\" \/>\n<meta property=\"og:image\" content=\"https:\/\/www.zum-offenberg.de\/wp-content\/uploads\/2016\/08\/DSC_0815-1024x576.jpg\" \/>\n\t<meta property=\"og:image:width\" content=\"1024\" \/>\n\t<meta property=\"og:image:height\" content=\"576\" \/>\n<meta name=\"twitter:card\" content=\"summary\" \/>\n<meta name=\"twitter:label1\" content=\"Gesch\u00e4tzte Lesezeit\" \/>\n\t<meta name=\"twitter:data1\" content=\"1\u00a0Minute\" \/>\n<script type=\"application\/ld+json\" class=\"yoast-schema-graph\">{\"@context\":\"https:\/\/schema.org\",\"@graph\":[{\"@type\":\"WebSite\",\"@id\":\"https:\/\/www.zum-offenberg.de\/#website\",\"url\":\"https:\/\/www.zum-offenberg.de\/\",\"name\":\"Zum-Offenberg\",\"description\":\"\",\"potentialAction\":[{\"@type\":\"SearchAction\",\"target\":{\"@type\":\"EntryPoint\",\"urlTemplate\":\"https:\/\/www.zum-offenberg.de\/?s={search_term_string}\"},\"query-input\":\"required name=search_term_string\"}],\"inLanguage\":\"de\"},{\"@type\":\"ImageObject\",\"@id\":\"https:\/\/www.zum-offenberg.de\/?page_id=35#primaryimage\",\"inLanguage\":\"de\",\"url\":\"https:\/\/www.zum-offenberg.de\/wp-content\/uploads\/2016\/08\/DSC_0815.jpg\",\"contentUrl\":\"https:\/\/www.zum-offenberg.de\/wp-content\/uploads\/2016\/08\/DSC_0815.jpg\",\"width\":3840,\"height\":2160},{\"@type\":\"WebPage\",\"@id\":\"https:\/\/www.zum-offenberg.de\/?page_id=35#webpage\",\"url\":\"https:\/\/www.zum-offenberg.de\/?page_id=35\",\"name\":\"Landwirtschaft - Zum-Offenberg\",\"isPartOf\":{\"@id\":\"https:\/\/www.zum-offenberg.de\/#website\"},\"primaryImageOfPage\":{\"@id\":\"https:\/\/www.zum-offenberg.de\/?page_id=35#primaryimage\"},\"datePublished\":\"2016-08-13T20:34:28+00:00\",\"dateModified\":\"2021-10-27T06:49:46+00:00\",\"breadcrumb\":{\"@id\":\"https:\/\/www.zum-offenberg.de\/?page_id=35#breadcrumb\"},\"inLanguage\":\"de\",\"potentialAction\":[{\"@type\":\"ReadAction\",\"target\":[\"https:\/\/www.zum-offenberg.de\/?page_id=35\"]}]},{\"@type\":\"BreadcrumbList\",\"@id\":\"https:\/\/www.zum-offenberg.de\/?page_id=35#breadcrumb\",\"itemListElement\":[{\"@type\":\"ListItem\",\"position\":1,\"name\":\"Startseite\",\"item\":\"https:\/\/www.zum-offenberg.de\/\"},{\"@type\":\"ListItem\",\"position\":2,\"name\":\"Landwirtschaft\"}]}]}<\/script>\n<!-- \/ Yoast SEO plugin. -->","yoast_head_json":{"title":"Landwirtschaft - Zum-Offenberg","robots":{"index":"index","follow":"follow","max-snippet":"max-snippet:-1","max-image-preview":"max-image-preview:large","max-video-preview":"max-video-preview:-1"},"canonical":"https:\/\/www.zum-offenberg.de\/?page_id=35","og_locale":"de_DE","og_type":"article","og_title":"Landwirtschaft - Zum-Offenberg","og_description":"Die Landwirtschaft wird seit Generationen betrieben und fortgef\u00fchrt. Unser landwirtschaftlicher Betrieb beinhaltet eine extensive Landbewirtschaftung mit einem ausgewogenen Verh\u00e4ltnis von Futter und Tierhaltung. Unsere Landwirtschaft wird durch die Mutterkuhhaltung gepr\u00e4gt. Eine Mutterkuh ist ein weibliches Rind das nicht zur Produktion von Milch gehalten wird und somit auch nicht gemolken wird sondern nur ihr eigenes Kalb [&hellip;]","og_url":"https:\/\/www.zum-offenberg.de\/?page_id=35","og_site_name":"Zum-Offenberg","article_modified_time":"2021-10-27T06:49:46+00:00","og_image":[{"width":1024,"height":576,"url":"https:\/\/www.zum-offenberg.de\/wp-content\/uploads\/2016\/08\/DSC_0815-1024x576.jpg","type":"image\/jpeg"}],"twitter_card":"summary","twitter_misc":{"Gesch\u00e4tzte Lesezeit":"1\u00a0Minute"},"schema":{"@context":"https:\/\/schema.org","@graph":[{"@type":"WebSite","@id":"https:\/\/www.zum-offenberg.de\/#website","url":"https:\/\/www.zum-offenberg.de\/","name":"Zum-Offenberg","description":"","potentialAction":[{"@type":"SearchAction","target":{"@type":"EntryPoint","urlTemplate":"https:\/\/www.zum-offenberg.de\/?s={search_term_string}"},"query-input":"required name=search_term_string"}],"inLanguage":"de"},{"@type":"ImageObject","@id":"https:\/\/www.zum-offenberg.de\/?page_id=35#primaryimage","inLanguage":"de","url":"https:\/\/www.zum-offenberg.de\/wp-content\/uploads\/2016\/08\/DSC_0815.jpg","contentUrl":"https:\/\/www.zum-offenberg.de\/wp-content\/uploads\/2016\/08\/DSC_0815.jpg","width":3840,"height":2160},{"@type":"WebPage","@id":"https:\/\/www.zum-offenberg.de\/?page_id=35#webpage","url":"https:\/\/www.zum-offenberg.de\/?page_id=35","name":"Landwirtschaft - Zum-Offenberg","isPartOf":{"@id":"https:\/\/www.zum-offenberg.de\/#website"},"primaryImageOfPage":{"@id":"https:\/\/www.zum-offenberg.de\/?page_id=35#primaryimage"},"datePublished":"2016-08-13T20:34:28+00:00","dateModified":"2021-10-27T06:49:46+00:00","breadcrumb":{"@id":"https:\/\/www.zum-offenberg.de\/?page_id=35#breadcrumb"},"inLanguage":"de","potentialAction":[{"@type":"ReadAction","target":["https:\/\/www.zum-offenberg.de\/?page_id=35"]}]},{"@type":"BreadcrumbList","@id":"https:\/\/www.zum-offenberg.de\/?page_id=35#breadcrumb","itemListElement":[{"@type":"ListItem","position":1,"name":"Startseite","item":"https:\/\/www.zum-offenberg.de\/"},{"@type":"ListItem","position":2,"name":"Landwirtschaft"}]}]}},"_links":{"self":[{"href":"https:\/\/www.zum-offenberg.de\/index.php?rest_route=\/wp\/v2\/pages\/35"}],"collection":[{"href":"https:\/\/www.zum-offenberg.de\/index.php?rest_route=\/wp\/v2\/pages"}],"about":[{"href":"https:\/\/www.zum-offenberg.de\/index.php?rest_route=\/wp\/v2\/types\/page"}],"author":[{"embeddable":true,"href":"https:\/\/www.zum-offenberg.de\/index.php?rest_route=\/wp\/v2\/users\/1"}],"replies":[{"embeddable":true,"href":"https:\/\/www.zum-offenberg.de\/index.php?rest_route=%2Fwp%2Fv2%2Fcomments&post=35"}],"version-history":[{"count":6,"href":"https:\/\/www.zum-offenberg.de\/index.php?rest_route=\/wp\/v2\/pages\/35\/revisions"}],"predecessor-version":[{"id":514,"href":"https:\/\/www.zum-offenberg.de\/index.php?rest_route=\/wp\/v2\/pages\/35\/revisions\/514"}],"wp:featuredmedia":[{"embeddable":true,"href":"https:\/\/www.zum-offenberg.de\/index.php?rest_route=\/wp\/v2\/media\/146"}],"wp:attachment":[{"href":"https:\/\/www.zum-offenberg.de\/index.php?rest_route=%2Fwp%2Fv2%2Fmedia&parent=35"}],"curies":[{"name":"wp","href":"https:\/\/api.w.org\/{rel}","templated":true}]}}