{"id":37,"date":"2016-08-13T22:35:55","date_gmt":"2016-08-13T20:35:55","guid":{"rendered":"https:\/\/zum-offenberg.de\/?page_id=37"},"modified":"2016-10-22T18:55:09","modified_gmt":"2016-10-22T16:55:09","slug":"mosterei","status":"publish","type":"page","link":"https:\/\/www.zum-offenberg.de\/?page_id=37","title":{"rendered":"Mosterei"},"content":{"rendered":"<p><strong>Bei uns k\u00f6nnen Sie auch mosten\u2026<\/strong><\/p>\n<p>Sie haben das Obst, wir machen den Saft!<\/p>\n<p>Innerhalb der rund 10 Wochen dauernden Saison k\u00f6nnen Sie bei uns Ihr Obst zu Ihrem Most verarbeiten lassen. Sodass jeder garantiert den Saft aus seinem Obst zur\u00fcck bekommt. \u00dcber das Ergebnis kann man nicht in Buchstaben urteilen!<\/p>\n<p style=\"text-align: left;\">Als Most wird allgemeinen durch Pressen (Keltern) gewonnener Fruchtsaft bezeichnet. In unserer Mosterei die mit einer Siebbandpresse von 2,5t\/h\u00a0 Leistung erbringt, verwerten wir nicht nur unser eigenes geerntetes Obst sondern auch von und f\u00fcr unsere Kunden.<img loading=\"lazy\" class=\"size-medium wp-image-152 alignright\" src=\"https:\/\/zum-offenberg.de\/wp-content\/uploads\/2016\/08\/DSC_0824-e1477155282424-300x185.jpg\" alt=\"siebbandpresse\" width=\"300\" height=\"185\" srcset=\"https:\/\/www.zum-offenberg.de\/wp-content\/uploads\/2016\/08\/DSC_0824-e1477155282424-300x185.jpg 300w, https:\/\/www.zum-offenberg.de\/wp-content\/uploads\/2016\/08\/DSC_0824-e1477155282424-768x473.jpg 768w, https:\/\/www.zum-offenberg.de\/wp-content\/uploads\/2016\/08\/DSC_0824-e1477155282424-1024x631.jpg 1024w\" sizes=\"(max-width: 300px) 100vw, 300px\" \/><\/p>\n<p>Eine leistungsf\u00e4hige Waschanlage s\u00e4ubert das Obst von Fremdpartikeln. Mit einer Schnecke wird es der M\u00fchle zugef\u00fchrt, in der das Obst zerkleinert wird und in der modernen Siebbandpresse abgepresst wird. Der abgepresste Saft l\u00e4uft in die Auffangwanne unter der Siebbandpresse. Der Saft ist naturtr\u00fcb, trinkfertig und zum mitnehmen bereit. Zur Aufbewahrung wird der Most in geeignete Tanks abgepumpt.<\/p>\n<p>Was\u00a0 \u00fcbrig bleibt vom Obst nennt man den Trester. Er l\u00e4uft hinter der Presse ab Band in einen Beh\u00e4lter.<br \/>\nDieser wird zur F\u00fctterung der Tiere im Stall sowie f\u00fcr die Jagd\u00a0 verarbeitet.<\/p>\n<p>Einen Teil unseres Apfelsaftes wird abgef\u00fcllt und\u00a0 \u00fcber den Namen \u201e<strong>Spirit up<\/strong>\u201c vermarktet.<img loading=\"lazy\" class=\"size-medium wp-image-150 alignright\" src=\"https:\/\/zum-offenberg.de\/wp-content\/uploads\/2016\/08\/apfelbaum-e1477155117385-300x253.jpg\" alt=\"apfelbaum\" width=\"300\" height=\"253\" srcset=\"https:\/\/www.zum-offenberg.de\/wp-content\/uploads\/2016\/08\/apfelbaum-e1477155117385-300x253.jpg 300w, https:\/\/www.zum-offenberg.de\/wp-content\/uploads\/2016\/08\/apfelbaum-e1477155117385-768x648.jpg 768w, https:\/\/www.zum-offenberg.de\/wp-content\/uploads\/2016\/08\/apfelbaum-e1477155117385-1024x864.jpg 1024w\" sizes=\"(max-width: 300px) 100vw, 300px\" \/><\/p>\n<p>Unser Streuobst ist unbehandelt, denn auch hier nutzen wir das Angebot der Natur und sch\u00e4tzen die Arbeit\u00a0 der Bienen.<\/p>\n<p><strong>\u00a0<\/strong><\/p>\n","protected":false},"excerpt":{"rendered":"<p>Bei uns k\u00f6nnen Sie auch mosten\u2026 Sie haben das Obst, wir machen den Saft! Innerhalb der rund 10 Wochen dauernden Saison k\u00f6nnen Sie bei uns Ihr Obst zu Ihrem Most verarbeiten lassen. Sodass jeder garantiert den Saft aus seinem Obst zur\u00fcck bekommt. \u00dcber das Ergebnis kann man nicht in Buchstaben urteilen! Als Most wird allgemeinen [&hellip;]<\/p>\n","protected":false},"author":1,"featured_media":0,"parent":35,"menu_order":0,"comment_status":"closed","ping_status":"closed","template":"","meta":[],"yoast_head":"<!-- This site is optimized with the Yoast SEO plugin v17.4 - https:\/\/yoast.com\/wordpress\/plugins\/seo\/ -->\n<title>Mosterei - Zum-Offenberg<\/title>\n<meta name=\"robots\" content=\"index, follow, max-snippet:-1, max-image-preview:large, max-video-preview:-1\" \/>\n<link rel=\"canonical\" href=\"https:\/\/www.zum-offenberg.de\/?page_id=37\" \/>\n<meta property=\"og:locale\" content=\"de_DE\" \/>\n<meta property=\"og:type\" content=\"article\" \/>\n<meta property=\"og:title\" content=\"Mosterei - Zum-Offenberg\" \/>\n<meta property=\"og:description\" content=\"Bei uns k\u00f6nnen Sie auch mosten\u2026 Sie haben das Obst, wir machen den Saft! Innerhalb der rund 10 Wochen dauernden Saison k\u00f6nnen Sie bei uns Ihr Obst zu Ihrem Most verarbeiten lassen. Sodass jeder garantiert den Saft aus seinem Obst zur\u00fcck bekommt. \u00dcber das Ergebnis kann man nicht in Buchstaben urteilen! Als Most wird allgemeinen [&hellip;]\" \/>\n<meta property=\"og:url\" content=\"https:\/\/www.zum-offenberg.de\/?page_id=37\" \/>\n<meta property=\"og:site_name\" content=\"Zum-Offenberg\" \/>\n<meta property=\"article:modified_time\" content=\"2016-10-22T16:55:09+00:00\" \/>\n<meta property=\"og:image\" content=\"https:\/\/zum-offenberg.de\/wp-content\/uploads\/2016\/08\/DSC_0824-e1477155282424-300x185.jpg\" \/>\n<meta name=\"twitter:card\" content=\"summary\" \/>\n<meta name=\"twitter:label1\" content=\"Gesch\u00e4tzte Lesezeit\" \/>\n\t<meta name=\"twitter:data1\" content=\"1\u00a0Minute\" \/>\n<script type=\"application\/ld+json\" class=\"yoast-schema-graph\">{\"@context\":\"https:\/\/schema.org\",\"@graph\":[{\"@type\":\"WebSite\",\"@id\":\"https:\/\/www.zum-offenberg.de\/#website\",\"url\":\"https:\/\/www.zum-offenberg.de\/\",\"name\":\"Zum-Offenberg\",\"description\":\"\",\"potentialAction\":[{\"@type\":\"SearchAction\",\"target\":{\"@type\":\"EntryPoint\",\"urlTemplate\":\"https:\/\/www.zum-offenberg.de\/?s={search_term_string}\"},\"query-input\":\"required name=search_term_string\"}],\"inLanguage\":\"de\"},{\"@type\":\"ImageObject\",\"@id\":\"https:\/\/www.zum-offenberg.de\/?page_id=37#primaryimage\",\"inLanguage\":\"de\",\"url\":\"https:\/\/zum-offenberg.de\/wp-content\/uploads\/2016\/08\/DSC_0824-e1477155282424-300x185.jpg\",\"contentUrl\":\"https:\/\/zum-offenberg.de\/wp-content\/uploads\/2016\/08\/DSC_0824-e1477155282424-300x185.jpg\"},{\"@type\":\"WebPage\",\"@id\":\"https:\/\/www.zum-offenberg.de\/?page_id=37#webpage\",\"url\":\"https:\/\/www.zum-offenberg.de\/?page_id=37\",\"name\":\"Mosterei - Zum-Offenberg\",\"isPartOf\":{\"@id\":\"https:\/\/www.zum-offenberg.de\/#website\"},\"primaryImageOfPage\":{\"@id\":\"https:\/\/www.zum-offenberg.de\/?page_id=37#primaryimage\"},\"datePublished\":\"2016-08-13T20:35:55+00:00\",\"dateModified\":\"2016-10-22T16:55:09+00:00\",\"breadcrumb\":{\"@id\":\"https:\/\/www.zum-offenberg.de\/?page_id=37#breadcrumb\"},\"inLanguage\":\"de\",\"potentialAction\":[{\"@type\":\"ReadAction\",\"target\":[\"https:\/\/www.zum-offenberg.de\/?page_id=37\"]}]},{\"@type\":\"BreadcrumbList\",\"@id\":\"https:\/\/www.zum-offenberg.de\/?page_id=37#breadcrumb\",\"itemListElement\":[{\"@type\":\"ListItem\",\"position\":1,\"name\":\"Startseite\",\"item\":\"https:\/\/www.zum-offenberg.de\/\"},{\"@type\":\"ListItem\",\"position\":2,\"name\":\"Landwirtschaft\",\"item\":\"https:\/\/www.zum-offenberg.de\/?page_id=35\"},{\"@type\":\"ListItem\",\"position\":3,\"name\":\"Mosterei\"}]}]}<\/script>\n<!-- \/ Yoast SEO plugin. -->","yoast_head_json":{"title":"Mosterei - Zum-Offenberg","robots":{"index":"index","follow":"follow","max-snippet":"max-snippet:-1","max-image-preview":"max-image-preview:large","max-video-preview":"max-video-preview:-1"},"canonical":"https:\/\/www.zum-offenberg.de\/?page_id=37","og_locale":"de_DE","og_type":"article","og_title":"Mosterei - Zum-Offenberg","og_description":"Bei uns k\u00f6nnen Sie auch mosten\u2026 Sie haben das Obst, wir machen den Saft! Innerhalb der rund 10 Wochen dauernden Saison k\u00f6nnen Sie bei uns Ihr Obst zu Ihrem Most verarbeiten lassen. Sodass jeder garantiert den Saft aus seinem Obst zur\u00fcck bekommt. \u00dcber das Ergebnis kann man nicht in Buchstaben urteilen! Als Most wird allgemeinen [&hellip;]","og_url":"https:\/\/www.zum-offenberg.de\/?page_id=37","og_site_name":"Zum-Offenberg","article_modified_time":"2016-10-22T16:55:09+00:00","og_image":[{"url":"https:\/\/zum-offenberg.de\/wp-content\/uploads\/2016\/08\/DSC_0824-e1477155282424-300x185.jpg"}],"twitter_card":"summary","twitter_misc":{"Gesch\u00e4tzte Lesezeit":"1\u00a0Minute"},"schema":{"@context":"https:\/\/schema.org","@graph":[{"@type":"WebSite","@id":"https:\/\/www.zum-offenberg.de\/#website","url":"https:\/\/www.zum-offenberg.de\/","name":"Zum-Offenberg","description":"","potentialAction":[{"@type":"SearchAction","target":{"@type":"EntryPoint","urlTemplate":"https:\/\/www.zum-offenberg.de\/?s={search_term_string}"},"query-input":"required name=search_term_string"}],"inLanguage":"de"},{"@type":"ImageObject","@id":"https:\/\/www.zum-offenberg.de\/?page_id=37#primaryimage","inLanguage":"de","url":"https:\/\/zum-offenberg.de\/wp-content\/uploads\/2016\/08\/DSC_0824-e1477155282424-300x185.jpg","contentUrl":"https:\/\/zum-offenberg.de\/wp-content\/uploads\/2016\/08\/DSC_0824-e1477155282424-300x185.jpg"},{"@type":"WebPage","@id":"https:\/\/www.zum-offenberg.de\/?page_id=37#webpage","url":"https:\/\/www.zum-offenberg.de\/?page_id=37","name":"Mosterei - Zum-Offenberg","isPartOf":{"@id":"https:\/\/www.zum-offenberg.de\/#website"},"primaryImageOfPage":{"@id":"https:\/\/www.zum-offenberg.de\/?page_id=37#primaryimage"},"datePublished":"2016-08-13T20:35:55+00:00","dateModified":"2016-10-22T16:55:09+00:00","breadcrumb":{"@id":"https:\/\/www.zum-offenberg.de\/?page_id=37#breadcrumb"},"inLanguage":"de","potentialAction":[{"@type":"ReadAction","target":["https:\/\/www.zum-offenberg.de\/?page_id=37"]}]},{"@type":"BreadcrumbList","@id":"https:\/\/www.zum-offenberg.de\/?page_id=37#breadcrumb","itemListElement":[{"@type":"ListItem","position":1,"name":"Startseite","item":"https:\/\/www.zum-offenberg.de\/"},{"@type":"ListItem","position":2,"name":"Landwirtschaft","item":"https:\/\/www.zum-offenberg.de\/?page_id=35"},{"@type":"ListItem","position":3,"name":"Mosterei"}]}]}},"_links":{"self":[{"href":"https:\/\/www.zum-offenberg.de\/index.php?rest_route=\/wp\/v2\/pages\/37"}],"collection":[{"href":"https:\/\/www.zum-offenberg.de\/index.php?rest_route=\/wp\/v2\/pages"}],"about":[{"href":"https:\/\/www.zum-offenberg.de\/index.php?rest_route=\/wp\/v2\/types\/page"}],"author":[{"embeddable":true,"href":"https:\/\/www.zum-offenberg.de\/index.php?rest_route=\/wp\/v2\/users\/1"}],"replies":[{"embeddable":true,"href":"https:\/\/www.zum-offenberg.de\/index.php?rest_route=%2Fwp%2Fv2%2Fcomments&post=37"}],"version-history":[{"count":5,"href":"https:\/\/www.zum-offenberg.de\/index.php?rest_route=\/wp\/v2\/pages\/37\/revisions"}],"predecessor-version":[{"id":153,"href":"https:\/\/www.zum-offenberg.de\/index.php?rest_route=\/wp\/v2\/pages\/37\/revisions\/153"}],"up":[{"embeddable":true,"href":"https:\/\/www.zum-offenberg.de\/index.php?rest_route=\/wp\/v2\/pages\/35"}],"wp:attachment":[{"href":"https:\/\/www.zum-offenberg.de\/index.php?rest_route=%2Fwp%2Fv2%2Fmedia&parent=37"}],"curies":[{"name":"wp","href":"https:\/\/api.w.org\/{rel}","templated":true}]}}