{"id":39,"date":"2016-08-13T22:36:39","date_gmt":"2016-08-13T20:36:39","guid":{"rendered":"https:\/\/zum-offenberg.de\/?page_id=39"},"modified":"2016-10-22T19:04:01","modified_gmt":"2016-10-22T17:04:01","slug":"imkerei","status":"publish","type":"page","link":"https:\/\/www.zum-offenberg.de\/?page_id=39","title":{"rendered":"Imkerei"},"content":{"rendered":"<p><strong>Honig schleudern<\/strong><\/p>\n<div id=\"attachment_155\" style=\"width: 296px\" class=\"wp-caption alignright\"><img aria-describedby=\"caption-attachment-155\" loading=\"lazy\" class=\" wp-image-155\" src=\"https:\/\/zum-offenberg.de\/wp-content\/uploads\/2016\/08\/S3000061-Kopie-300x225.jpg\" alt=\"Schwarm einfangen\" width=\"286\" height=\"214\" srcset=\"https:\/\/www.zum-offenberg.de\/wp-content\/uploads\/2016\/08\/S3000061-Kopie-300x225.jpg 300w, https:\/\/www.zum-offenberg.de\/wp-content\/uploads\/2016\/08\/S3000061-Kopie.jpg 640w\" sizes=\"(max-width: 286px) 100vw, 286px\" \/><p id=\"caption-attachment-155\" class=\"wp-caption-text\">Schwarm einfangen<\/p><\/div>\n<p>Bienen sind ein wichtiger Bestandteil unserer Natur. Der indirekte Nutzen besteht in der \u00dcbertragung des Bl\u00fctenstaubes durch die Nektar-\u00a0 und Pollensammelt\u00e4tigkeit bei insektenbest\u00e4ubten Pflanzen . Dazu geh\u00f6ren nicht nur zahlreiche Nutzpflanzen der Landwirtschaft und des Gartenbaus sondern auch ein Gro\u00dfteil von Wildpflanzen in Feld, Wald und Wiese.<\/p>\n<p>Eines der wertvollsten Produkte ist der Honig. \u00dcber Jahrtausende einziges S\u00fc\u00dfungsmittel erf\u00e4hrt Honig bereits in der Antike eine hohe Wertsch\u00e4tzung. Obwohl es nicht als Heilmittel nach dem Arzneimittelgesetz anerkannt ist hat er doch als schnelles\u00a0 energiespendendes Kr\u00e4ftigungsmittel gro\u00dfe Bedeutung und wird in der Volksheilkunde vielseitig eingesetzt.<\/p>\n<p>Die Klimaver\u00e4nderung sowie die intensive Landbewirtschaftung schw\u00e4chen\u00a0 durch das eingeschr\u00e4nkte Nahrungsangebot das Immunsystem der Bienen. Auch der leichtfertiger Umgang mit Giften wie Insektiziden oder \u00e4hnlichem f\u00fchren zu einer Beeintr\u00e4chtigung und Anf\u00e4lligkeit der Bienen und ihrer Gesundheit.<\/p>\n<div id=\"attachment_154\" style=\"width: 272px\" class=\"wp-caption alignright\"><img aria-describedby=\"caption-attachment-154\" loading=\"lazy\" class=\" wp-image-154\" src=\"https:\/\/zum-offenberg.de\/wp-content\/uploads\/2016\/08\/S3000036-e1477155545734-300x263.jpg\" alt=\"Honig frisch aus der Schleuder\" width=\"262\" height=\"230\" srcset=\"https:\/\/www.zum-offenberg.de\/wp-content\/uploads\/2016\/08\/S3000036-e1477155545734-300x263.jpg 300w, https:\/\/www.zum-offenberg.de\/wp-content\/uploads\/2016\/08\/S3000036-e1477155545734.jpg 385w\" sizes=\"(max-width: 262px) 100vw, 262px\" \/><p id=\"caption-attachment-154\" class=\"wp-caption-text\">Honig frisch aus der Schleuder<\/p><\/div>\n<p><strong>Unsere Bienen sammeln was es gibt!<\/strong><br \/>\nBl\u00fcte und Wald in einem. Sie k\u00f6nnen bei uns jeder Zeit gemischten Honig, ohne Zus\u00e4tze erwerben.<\/p>\n","protected":false},"excerpt":{"rendered":"<p>Honig schleudern Bienen sind ein wichtiger Bestandteil unserer Natur. Der indirekte Nutzen besteht in der \u00dcbertragung des Bl\u00fctenstaubes durch die Nektar-\u00a0 und Pollensammelt\u00e4tigkeit bei insektenbest\u00e4ubten Pflanzen . Dazu geh\u00f6ren nicht nur zahlreiche Nutzpflanzen der Landwirtschaft und des Gartenbaus sondern auch ein Gro\u00dfteil von Wildpflanzen in Feld, Wald und Wiese. Eines der wertvollsten Produkte ist der [&hellip;]<\/p>\n","protected":false},"author":1,"featured_media":0,"parent":35,"menu_order":1,"comment_status":"closed","ping_status":"closed","template":"","meta":[],"yoast_head":"<!-- This site is optimized with the Yoast SEO plugin v17.4 - https:\/\/yoast.com\/wordpress\/plugins\/seo\/ -->\n<title>Imkerei - Zum-Offenberg<\/title>\n<meta name=\"robots\" content=\"index, follow, max-snippet:-1, max-image-preview:large, max-video-preview:-1\" \/>\n<link rel=\"canonical\" href=\"https:\/\/www.zum-offenberg.de\/?page_id=39\" \/>\n<meta property=\"og:locale\" content=\"de_DE\" \/>\n<meta property=\"og:type\" content=\"article\" \/>\n<meta property=\"og:title\" content=\"Imkerei - Zum-Offenberg\" \/>\n<meta property=\"og:description\" content=\"Honig schleudern Bienen sind ein wichtiger Bestandteil unserer Natur. Der indirekte Nutzen besteht in der \u00dcbertragung des Bl\u00fctenstaubes durch die Nektar-\u00a0 und Pollensammelt\u00e4tigkeit bei insektenbest\u00e4ubten Pflanzen . Dazu geh\u00f6ren nicht nur zahlreiche Nutzpflanzen der Landwirtschaft und des Gartenbaus sondern auch ein Gro\u00dfteil von Wildpflanzen in Feld, Wald und Wiese. Eines der wertvollsten Produkte ist der [&hellip;]\" \/>\n<meta property=\"og:url\" content=\"https:\/\/www.zum-offenberg.de\/?page_id=39\" \/>\n<meta property=\"og:site_name\" content=\"Zum-Offenberg\" \/>\n<meta property=\"article:modified_time\" content=\"2016-10-22T17:04:01+00:00\" \/>\n<meta property=\"og:image\" content=\"https:\/\/zum-offenberg.de\/wp-content\/uploads\/2016\/08\/S3000061-Kopie-300x225.jpg\" \/>\n<meta name=\"twitter:card\" content=\"summary\" \/>\n<meta name=\"twitter:label1\" content=\"Gesch\u00e4tzte Lesezeit\" \/>\n\t<meta name=\"twitter:data1\" content=\"1\u00a0Minute\" \/>\n<script type=\"application\/ld+json\" class=\"yoast-schema-graph\">{\"@context\":\"https:\/\/schema.org\",\"@graph\":[{\"@type\":\"WebSite\",\"@id\":\"https:\/\/www.zum-offenberg.de\/#website\",\"url\":\"https:\/\/www.zum-offenberg.de\/\",\"name\":\"Zum-Offenberg\",\"description\":\"\",\"potentialAction\":[{\"@type\":\"SearchAction\",\"target\":{\"@type\":\"EntryPoint\",\"urlTemplate\":\"https:\/\/www.zum-offenberg.de\/?s={search_term_string}\"},\"query-input\":\"required name=search_term_string\"}],\"inLanguage\":\"de\"},{\"@type\":\"ImageObject\",\"@id\":\"https:\/\/www.zum-offenberg.de\/?page_id=39#primaryimage\",\"inLanguage\":\"de\",\"url\":\"https:\/\/zum-offenberg.de\/wp-content\/uploads\/2016\/08\/S3000061-Kopie-300x225.jpg\",\"contentUrl\":\"https:\/\/zum-offenberg.de\/wp-content\/uploads\/2016\/08\/S3000061-Kopie-300x225.jpg\"},{\"@type\":\"WebPage\",\"@id\":\"https:\/\/www.zum-offenberg.de\/?page_id=39#webpage\",\"url\":\"https:\/\/www.zum-offenberg.de\/?page_id=39\",\"name\":\"Imkerei - Zum-Offenberg\",\"isPartOf\":{\"@id\":\"https:\/\/www.zum-offenberg.de\/#website\"},\"primaryImageOfPage\":{\"@id\":\"https:\/\/www.zum-offenberg.de\/?page_id=39#primaryimage\"},\"datePublished\":\"2016-08-13T20:36:39+00:00\",\"dateModified\":\"2016-10-22T17:04:01+00:00\",\"breadcrumb\":{\"@id\":\"https:\/\/www.zum-offenberg.de\/?page_id=39#breadcrumb\"},\"inLanguage\":\"de\",\"potentialAction\":[{\"@type\":\"ReadAction\",\"target\":[\"https:\/\/www.zum-offenberg.de\/?page_id=39\"]}]},{\"@type\":\"BreadcrumbList\",\"@id\":\"https:\/\/www.zum-offenberg.de\/?page_id=39#breadcrumb\",\"itemListElement\":[{\"@type\":\"ListItem\",\"position\":1,\"name\":\"Startseite\",\"item\":\"https:\/\/www.zum-offenberg.de\/\"},{\"@type\":\"ListItem\",\"position\":2,\"name\":\"Landwirtschaft\",\"item\":\"https:\/\/www.zum-offenberg.de\/?page_id=35\"},{\"@type\":\"ListItem\",\"position\":3,\"name\":\"Imkerei\"}]}]}<\/script>\n<!-- \/ Yoast SEO plugin. -->","yoast_head_json":{"title":"Imkerei - Zum-Offenberg","robots":{"index":"index","follow":"follow","max-snippet":"max-snippet:-1","max-image-preview":"max-image-preview:large","max-video-preview":"max-video-preview:-1"},"canonical":"https:\/\/www.zum-offenberg.de\/?page_id=39","og_locale":"de_DE","og_type":"article","og_title":"Imkerei - Zum-Offenberg","og_description":"Honig schleudern Bienen sind ein wichtiger Bestandteil unserer Natur. Der indirekte Nutzen besteht in der \u00dcbertragung des Bl\u00fctenstaubes durch die Nektar-\u00a0 und Pollensammelt\u00e4tigkeit bei insektenbest\u00e4ubten Pflanzen . Dazu geh\u00f6ren nicht nur zahlreiche Nutzpflanzen der Landwirtschaft und des Gartenbaus sondern auch ein Gro\u00dfteil von Wildpflanzen in Feld, Wald und Wiese. Eines der wertvollsten Produkte ist der [&hellip;]","og_url":"https:\/\/www.zum-offenberg.de\/?page_id=39","og_site_name":"Zum-Offenberg","article_modified_time":"2016-10-22T17:04:01+00:00","og_image":[{"url":"https:\/\/zum-offenberg.de\/wp-content\/uploads\/2016\/08\/S3000061-Kopie-300x225.jpg"}],"twitter_card":"summary","twitter_misc":{"Gesch\u00e4tzte Lesezeit":"1\u00a0Minute"},"schema":{"@context":"https:\/\/schema.org","@graph":[{"@type":"WebSite","@id":"https:\/\/www.zum-offenberg.de\/#website","url":"https:\/\/www.zum-offenberg.de\/","name":"Zum-Offenberg","description":"","potentialAction":[{"@type":"SearchAction","target":{"@type":"EntryPoint","urlTemplate":"https:\/\/www.zum-offenberg.de\/?s={search_term_string}"},"query-input":"required name=search_term_string"}],"inLanguage":"de"},{"@type":"ImageObject","@id":"https:\/\/www.zum-offenberg.de\/?page_id=39#primaryimage","inLanguage":"de","url":"https:\/\/zum-offenberg.de\/wp-content\/uploads\/2016\/08\/S3000061-Kopie-300x225.jpg","contentUrl":"https:\/\/zum-offenberg.de\/wp-content\/uploads\/2016\/08\/S3000061-Kopie-300x225.jpg"},{"@type":"WebPage","@id":"https:\/\/www.zum-offenberg.de\/?page_id=39#webpage","url":"https:\/\/www.zum-offenberg.de\/?page_id=39","name":"Imkerei - Zum-Offenberg","isPartOf":{"@id":"https:\/\/www.zum-offenberg.de\/#website"},"primaryImageOfPage":{"@id":"https:\/\/www.zum-offenberg.de\/?page_id=39#primaryimage"},"datePublished":"2016-08-13T20:36:39+00:00","dateModified":"2016-10-22T17:04:01+00:00","breadcrumb":{"@id":"https:\/\/www.zum-offenberg.de\/?page_id=39#breadcrumb"},"inLanguage":"de","potentialAction":[{"@type":"ReadAction","target":["https:\/\/www.zum-offenberg.de\/?page_id=39"]}]},{"@type":"BreadcrumbList","@id":"https:\/\/www.zum-offenberg.de\/?page_id=39#breadcrumb","itemListElement":[{"@type":"ListItem","position":1,"name":"Startseite","item":"https:\/\/www.zum-offenberg.de\/"},{"@type":"ListItem","position":2,"name":"Landwirtschaft","item":"https:\/\/www.zum-offenberg.de\/?page_id=35"},{"@type":"ListItem","position":3,"name":"Imkerei"}]}]}},"_links":{"self":[{"href":"https:\/\/www.zum-offenberg.de\/index.php?rest_route=\/wp\/v2\/pages\/39"}],"collection":[{"href":"https:\/\/www.zum-offenberg.de\/index.php?rest_route=\/wp\/v2\/pages"}],"about":[{"href":"https:\/\/www.zum-offenberg.de\/index.php?rest_route=\/wp\/v2\/types\/page"}],"author":[{"embeddable":true,"href":"https:\/\/www.zum-offenberg.de\/index.php?rest_route=\/wp\/v2\/users\/1"}],"replies":[{"embeddable":true,"href":"https:\/\/www.zum-offenberg.de\/index.php?rest_route=%2Fwp%2Fv2%2Fcomments&post=39"}],"version-history":[{"count":4,"href":"https:\/\/www.zum-offenberg.de\/index.php?rest_route=\/wp\/v2\/pages\/39\/revisions"}],"predecessor-version":[{"id":156,"href":"https:\/\/www.zum-offenberg.de\/index.php?rest_route=\/wp\/v2\/pages\/39\/revisions\/156"}],"up":[{"embeddable":true,"href":"https:\/\/www.zum-offenberg.de\/index.php?rest_route=\/wp\/v2\/pages\/35"}],"wp:attachment":[{"href":"https:\/\/www.zum-offenberg.de\/index.php?rest_route=%2Fwp%2Fv2%2Fmedia&parent=39"}],"curies":[{"name":"wp","href":"https:\/\/api.w.org\/{rel}","templated":true}]}}